{"id":2204,"date":"2021-12-21T17:39:14","date_gmt":"2021-12-21T16:39:14","guid":{"rendered":"https:\/\/wheelstandpro.com\/?page_id=2204"},"modified":"2022-03-28T10:08:23","modified_gmt":"2022-03-28T08:08:23","slug":"kontakt","status":"publish","type":"page","link":"https:\/\/wheelstandpro.com\/pl\/kontakt\/","title":{"rendered":"Kontakt"},"content":{"rendered":"<div id=\"pl-2204\"  class=\"panel-layout\" ><div id=\"pg-2204-0\"  class=\"panel-grid panel-no-style\" ><div id=\"pgc-2204-0-0\"  class=\"panel-grid-cell\" ><div id=\"panel-2204-0-0-0\" class=\"so-panel widget widget_video-widget panel-first-child panel-last-child\" data-index=\"0\" ><div\n\t\t\t\n\t\t\tclass=\"so-widget-video-widget so-widget-video-widget-base\"\n\t\t\t\n\t\t>\n\n\n\n<div class=\"video-banner\" style=\"height: 450px\">\n    \n        <video class=\"video-inline\" muted playsinline preload=\"none\" poster=\"\">\n        <source src=\"https:\/\/wheelstandpro.com\/wp-content\/uploads\/2021\/12\/conv-opt-2760441012-1.mp4\" type=\"video\/mp4\" \/>\n    <\/video>\n        <div class=\"video-wrapper vimeo-wrapper\">\n      <div class=\"container\">\n        <div class=\"desc\">\n          <h3 class=\"animatecssjs\" style=\"color:#fff\">Kontakt z nami<\/h3>\n          <h2 class=\"animatecssjs\" style=\"color:#fff\"><p lang=\"pl-PL\"><b>B\u0105d\u017amy w kontakcie<\/b><\/p>\n<\/h2>\n          <a style=\"color:#fff\" class=\"read-more yellow animated-arrow animatecssjs nativeFull \" href=\"#\">\n            <span class=\"main\">\n              <span class=\"text\" style=\"color:#fff\">\n                Zobacz wideo              <\/span>\n              <span class=\"the-arrow -right\">\n                <span class=\"shaft\"><\/span>\n              <\/span>\n            <\/span>\n          <\/a>\n          <a style=\"color:#fff\" class=\"read-more yellow animated-arrow animatecssjs nativeFull mobile\" href=\"https:\/\/wheelstandpro.com\/wp-content\/uploads\/2021\/12\/conv-opt-2760441012-1.mp4\">\n            <span class=\"main\">\n              <span class=\"text\" style=\"color:#fff\">\n                              <\/span>\n              <span class=\"the-arrow -right\">\n                <span class=\"shaft\"><\/span>\n              <\/span>\n            <\/span>\n          <\/a>\n        <\/div>\n      <\/div>\n    <\/div>\n    <\/div>\n\n<\/div><\/div><\/div><\/div><div id=\"pg-2204-1\"  class=\"panel-grid panel-has-style\" ><div class=\"container panel-row-style panel-row-style-for-2204-1\" ><div id=\"pgc-2204-1-0\"  class=\"panel-grid-cell\" ><div id=\"panel-2204-1-0-0\" class=\"so-panel widget widget_sow-editor panel-first-child panel-last-child\" data-index=\"1\" ><div\n\t\t\t\n\t\t\tclass=\"so-widget-sow-editor so-widget-sow-editor-base\"\n\t\t\t\n\t\t>\n<div class=\"siteorigin-widget-tinymce textwidget\">\n\t<p>&nbsp;<\/p>\n<h4>masz do nas pytania?<\/h4>\n<h2>PROSIMY O KONTAKT<\/h2>\n<p>Je\u015bli masz jakie\u015b pytania. Nie masz pewno\u015bci jaki stojak wybra\u0107 do swojej kierownicy lub masz i indywidualne potrzeby konfiguracyjne.<br \/>\nProsz\u0119 nie wahaj si\u0119 zapyta\u0107. Ch\u0119tnie pomo\u017cemy \ud83d\ude42<\/p>\n<div style=\"margin-top: 50px;margin-bottom: 20px;align-items: flex-start\"><img decoding=\"async\" style=\"margin-right: 20px\" src=\"\/wp-content\/themes\/storefront-child\/img\/icon-pointer.png\" \/>WSP<br \/>\nUl. Podstawie 28a<br \/>\n34-100 Wadowice<br \/>\nPOLAND<\/div>\n<div style=\"margin-bottom: 20px;align-items: flex-start\"><img decoding=\"async\" style=\"margin-right: 20px\" src=\"\/wp-content\/themes\/storefront-child\/img\/icon-mail.png\" \/>order@wheelstandpro.com<\/div>\n<\/div>\n<\/div><\/div><\/div><div id=\"pgc-2204-1-1\"  class=\"panel-grid-cell\" ><div id=\"panel-2204-1-1-0\" class=\"so-panel widget widget_contactform-widget panel-first-child panel-last-child\" data-index=\"2\" ><div\n\t\t\t\n\t\t\tclass=\"so-widget-contactform-widget so-widget-contactform-widget-base\"\n\t\t\t\n\t\t><form name=\"contactform\">\n    <div class=\"form-group\">\n        <label class=\"form-label\">Imi\u0119 i nazwisko<\/label>\n        <input type=\"text\" name=\"name\" id=\"name\" class=\"form-control\" \/>\n    <\/div>\n    <div class=\"form-group\">\n        <label class=\"form-label\">E-mail<\/label>\n        <input type=\"text\" name=\"email\" id=\"email\" class=\"form-control\" \/>\n    <\/div>\n    <div class=\"form-group\">\n        <label class=\"form-label\">Kraj zamieszkania<\/label>\n        <input type=\"text\" name=\"country\" id=\"country\" class=\"form-control\" \/>\n    <\/div>\n    <div class=\"form-group\">\n        <label class=\"form-label\">Twoja wiadomo\u015b\u0107<\/label>\n        <textarea name=\"message\" id=\"message\" class=\"form-control\"><\/textarea>\n    <\/div>\n    <div class=\"message\">\n    <\/div>\n    <button type=\"submit\" class=\"btn btn-primary animated-arrow\">\n        <span class=\"main\">\n            <span class=\"text\">\n            Wy\u015blij            <\/span>\n            <span class=\"the-arrow -right\">\n                <span class=\"shaft\"><\/span>\n            <\/span>\n        <\/span>\n    <\/button>\n<\/form><\/div><\/div><\/div><\/div><\/div><div id=\"pg-2204-2\"  class=\"panel-grid panel-no-style\" ><div id=\"pgc-2204-2-0\"  class=\"panel-grid-cell\" ><div id=\"panel-2204-2-0-0\" class=\"so-panel widget widget_video-widget panel-first-child panel-last-child\" data-index=\"3\" ><div\n\t\t\t\n\t\t\tclass=\"so-widget-video-widget so-widget-video-widget-base\"\n\t\t\t\n\t\t>\n\n\n\n<div class=\"video-banner\" style=\"height: 450px\">\n    \n        <video class=\"video-inline\" muted playsinline preload=\"none\" poster=\"https:\/\/i0.wp.com\/wheelstandpro.com\/wp-content\/uploads\/2021\/08\/Black-02-1.jpg?fit=2500%2C1667&ssl=1\">\n        <source src=\"https:\/\/wheelstandpro.com\/wp-content\/uploads\/2022\/03\/1-2.mp4\" type=\"video\/mp4\" \/>\n    <\/video>\n        <div class=\"video-wrapper vimeo-wrapper\">\n      <div class=\"container\">\n        <div class=\"desc\">\n          <h3 class=\"animatecssjs\" style=\"color:#fff\">wyprodukowane w europie<\/h3>\n          <h2 class=\"animatecssjs\" style=\"color:#fff\"><p>Kontrola jako\u015bci<\/p>\n<p>na ka\u017cdym<\/p>\n<p>kroku<\/p>\n<\/h2>\n          <a style=\"color:#fff\" class=\"read-more yellow animated-arrow animatecssjs nativeFull \" href=\"#\">\n            <span class=\"main\">\n              <span class=\"text\" style=\"color:#fff\">\n                Zobacz wideo              <\/span>\n              <span class=\"the-arrow -right\">\n                <span class=\"shaft\"><\/span>\n              <\/span>\n            <\/span>\n          <\/a>\n          <a style=\"color:#fff\" class=\"read-more yellow animated-arrow animatecssjs nativeFull mobile\" href=\"https:\/\/wheelstandpro.com\/wp-content\/uploads\/2022\/03\/1-2.mp4\">\n            <span class=\"main\">\n              <span class=\"text\" style=\"color:#fff\">\n                              <\/span>\n              <span class=\"the-arrow -right\">\n                <span class=\"shaft\"><\/span>\n              <\/span>\n            <\/span>\n          <\/a>\n        <\/div>\n      <\/div>\n    <\/div>\n    <\/div>\n\n<\/div><\/div><\/div><\/div><\/div>","protected":false},"excerpt":{"rendered":"<p>&nbsp; masz do nas pytania? PROSIMY O KONTAKT Je\u015bli masz jakie\u015b pytania. Nie masz pewno\u015bci jaki stojak wybra\u0107 do swojej kierownicy lub masz i indywidualne potrzeby konfiguracyjne. Prosz\u0119 nie wahaj si\u0119 zapyta\u0107. Ch\u0119tnie pomo\u017cemy \ud83d\ude42 WSP Ul. Podstawie 28a 34-100 Wadowice POLAND order@wheelstandpro.com<\/p>\n","protected":false},"author":1,"featured_media":0,"parent":0,"menu_order":0,"comment_status":"closed","ping_status":"closed","template":"","meta":{"spay_email":"","footnotes":""},"class_list":["post-2204","page","type-page","status-publish","hentry"],"yoast_head":"<!-- This site is optimized with the Yoast SEO plugin v19.1 - https:\/\/yoast.com\/wordpress\/plugins\/seo\/ -->\n<title>Kontakt - WheelStandPro<\/title>\n<meta name=\"robots\" content=\"index, follow, max-snippet:-1, max-image-preview:large, max-video-preview:-1\" \/>\n<link rel=\"canonical\" href=\"https:\/\/wheelstandpro.com\/pl\/kontakt\/\" \/>\n<meta property=\"og:locale\" content=\"pl_PL\" \/>\n<meta property=\"og:type\" content=\"article\" \/>\n<meta property=\"og:title\" content=\"Kontakt - WheelStandPro\" \/>\n<meta property=\"og:description\" content=\"&nbsp; masz do nas pytania? PROSIMY O KONTAKT Je\u015bli masz jakie\u015b pytania. Nie masz pewno\u015bci jaki stojak wybra\u0107 do swojej kierownicy lub masz i indywidualne potrzeby konfiguracyjne. Prosz\u0119 nie wahaj si\u0119 zapyta\u0107. Ch\u0119tnie pomo\u017cemy :) WSP Ul. Podstawie 28a 34-100 Wadowice POLAND order@wheelstandpro.com\" \/>\n<meta property=\"og:url\" content=\"https:\/\/wheelstandpro.com\/pl\/kontakt\/\" \/>\n<meta property=\"og:site_name\" content=\"WheelStandPro\" \/>\n<meta property=\"article:modified_time\" content=\"2022-03-28T08:08:23+00:00\" \/>\n<meta property=\"og:image\" content=\"https:\/\/wheelstandpro.com\/wp-content\/themes\/storefront-child\/img\/icon-pointer.png\" \/>\n<meta name=\"twitter:card\" content=\"summary_large_image\" \/>\n<script type=\"application\/ld+json\" class=\"yoast-schema-graph\">{\"@context\":\"https:\/\/schema.org\",\"@graph\":[{\"@type\":\"WebSite\",\"@id\":\"https:\/\/wheelstandpro.com\/pl\/#website\",\"url\":\"https:\/\/wheelstandpro.com\/pl\/\",\"name\":\"WheelStandPro\",\"description\":\"\",\"potentialAction\":[{\"@type\":\"SearchAction\",\"target\":{\"@type\":\"EntryPoint\",\"urlTemplate\":\"https:\/\/wheelstandpro.com\/pl\/?s={search_term_string}\"},\"query-input\":\"required name=search_term_string\"}],\"inLanguage\":\"pl-PL\"},{\"@type\":\"WebPage\",\"@id\":\"https:\/\/wheelstandpro.com\/pl\/kontakt\/#webpage\",\"url\":\"https:\/\/wheelstandpro.com\/pl\/kontakt\/\",\"name\":\"Kontakt - WheelStandPro\",\"isPartOf\":{\"@id\":\"https:\/\/wheelstandpro.com\/pl\/#website\"},\"datePublished\":\"2021-12-21T16:39:14+00:00\",\"dateModified\":\"2022-03-28T08:08:23+00:00\",\"breadcrumb\":{\"@id\":\"https:\/\/wheelstandpro.com\/pl\/kontakt\/#breadcrumb\"},\"inLanguage\":\"pl-PL\",\"potentialAction\":[{\"@type\":\"ReadAction\",\"target\":[\"https:\/\/wheelstandpro.com\/pl\/kontakt\/\"]}]},{\"@type\":\"BreadcrumbList\",\"@id\":\"https:\/\/wheelstandpro.com\/pl\/kontakt\/#breadcrumb\",\"itemListElement\":[{\"@type\":\"ListItem\",\"position\":1,\"name\":\"Kontakt\"}]}]}<\/script>\n<!-- \/ Yoast SEO plugin. -->","yoast_head_json":{"title":"Kontakt - WheelStandPro","robots":{"index":"index","follow":"follow","max-snippet":"max-snippet:-1","max-image-preview":"max-image-preview:large","max-video-preview":"max-video-preview:-1"},"canonical":"https:\/\/wheelstandpro.com\/pl\/kontakt\/","og_locale":"pl_PL","og_type":"article","og_title":"Kontakt - WheelStandPro","og_description":"&nbsp; masz do nas pytania? PROSIMY O KONTAKT Je\u015bli masz jakie\u015b pytania. Nie masz pewno\u015bci jaki stojak wybra\u0107 do swojej kierownicy lub masz i indywidualne potrzeby konfiguracyjne. Prosz\u0119 nie wahaj si\u0119 zapyta\u0107. Ch\u0119tnie pomo\u017cemy :) WSP Ul. Podstawie 28a 34-100 Wadowice POLAND order@wheelstandpro.com","og_url":"https:\/\/wheelstandpro.com\/pl\/kontakt\/","og_site_name":"WheelStandPro","article_modified_time":"2022-03-28T08:08:23+00:00","og_image":[{"url":"https:\/\/wheelstandpro.com\/wp-content\/themes\/storefront-child\/img\/icon-pointer.png"}],"twitter_card":"summary_large_image","schema":{"@context":"https:\/\/schema.org","@graph":[{"@type":"WebSite","@id":"https:\/\/wheelstandpro.com\/pl\/#website","url":"https:\/\/wheelstandpro.com\/pl\/","name":"WheelStandPro","description":"","potentialAction":[{"@type":"SearchAction","target":{"@type":"EntryPoint","urlTemplate":"https:\/\/wheelstandpro.com\/pl\/?s={search_term_string}"},"query-input":"required name=search_term_string"}],"inLanguage":"pl-PL"},{"@type":"WebPage","@id":"https:\/\/wheelstandpro.com\/pl\/kontakt\/#webpage","url":"https:\/\/wheelstandpro.com\/pl\/kontakt\/","name":"Kontakt - WheelStandPro","isPartOf":{"@id":"https:\/\/wheelstandpro.com\/pl\/#website"},"datePublished":"2021-12-21T16:39:14+00:00","dateModified":"2022-03-28T08:08:23+00:00","breadcrumb":{"@id":"https:\/\/wheelstandpro.com\/pl\/kontakt\/#breadcrumb"},"inLanguage":"pl-PL","potentialAction":[{"@type":"ReadAction","target":["https:\/\/wheelstandpro.com\/pl\/kontakt\/"]}]},{"@type":"BreadcrumbList","@id":"https:\/\/wheelstandpro.com\/pl\/kontakt\/#breadcrumb","itemListElement":[{"@type":"ListItem","position":1,"name":"Kontakt"}]}]}},"_links":{"self":[{"href":"https:\/\/wheelstandpro.com\/pl\/wp-json\/wp\/v2\/pages\/2204","targetHints":{"allow":["GET"]}}],"collection":[{"href":"https:\/\/wheelstandpro.com\/pl\/wp-json\/wp\/v2\/pages"}],"about":[{"href":"https:\/\/wheelstandpro.com\/pl\/wp-json\/wp\/v2\/types\/page"}],"author":[{"embeddable":true,"href":"https:\/\/wheelstandpro.com\/pl\/wp-json\/wp\/v2\/users\/1"}],"replies":[{"embeddable":true,"href":"https:\/\/wheelstandpro.com\/pl\/wp-json\/wp\/v2\/comments?post=2204"}],"version-history":[{"count":13,"href":"https:\/\/wheelstandpro.com\/pl\/wp-json\/wp\/v2\/pages\/2204\/revisions"}],"predecessor-version":[{"id":3448,"href":"https:\/\/wheelstandpro.com\/pl\/wp-json\/wp\/v2\/pages\/2204\/revisions\/3448"}],"wp:attachment":[{"href":"https:\/\/wheelstandpro.com\/pl\/wp-json\/wp\/v2\/media?parent=2204"}],"curies":[{"name":"wp","href":"https:\/\/api.w.org\/{rel}","templated":true}]}}