{"id":2230,"date":"2021-08-04T09:31:54","date_gmt":"2021-12-22T22:27:27","guid":{"rendered":"https:\/\/wheelstandpro.com\/?post_type=product&#038;p=2230"},"modified":"2025-07-30T16:26:13","modified_gmt":"2025-07-30T14:26:13","slug":"stojak-dla-kierownic-thrustmaster-t300rs-tx-t150-tmx-deluxe-v2","status":"publish","type":"product","link":"https:\/\/wheelstandpro.com\/pl\/produkt\/stojak-dla-kierownic-thrustmaster-t300rs-tx-t150-tmx-deluxe-v2\/","title":{"rendered":"Stojak dla kierownic Thrustmaster T300RS\/TX\/T150\/TMX Deluxe V2"},"content":{"rendered":"","protected":false},"excerpt":{"rendered":"<p><strong>WA\u017bNE: PROFIL MOCOWANIA DR\u0104\u017bKA ZMIANY BIEG\u00d3W MA INNY KSZTA\u0141T NI\u017b P\u0141ASKOWNIK W KSZTA\u0141CIE LITERY &#8222;S&#8221; DO\u0141\u0104CZANEGO WRAZ ZE STOJAKIEM DO LOGITECH G25\/G27\/G29\/G920!<\/strong><\/p>\n","protected":false},"featured_media":7666,"template":"","meta":{"spay_email":"","jetpack_publicize_message":"","jetpack_is_tweetstorm":false,"jetpack_publicize_feature_enabled":true},"product_cat":[129],"product_tag":[],"class_list":["post-2230","product","type-product","status-publish","has-post-thumbnail","hentry","product_cat-sim-racing-pl","product_shipping_class-wheel-stand-pro-for-thrustmaster-t300rs-tx-t150-tmx-pl"],"yoast_head":"<!-- This site is optimized with the Yoast SEO plugin v19.1 - https:\/\/yoast.com\/wordpress\/plugins\/seo\/ -->\n<title>Stojak dla kierownic Thrustmaster T300RS\/TX\/T150\/TMX Deluxe V2 - WheelStandPro<\/title>\n<meta name=\"robots\" content=\"index, follow, max-snippet:-1, max-image-preview:large, max-video-preview:-1\" \/>\n<link rel=\"canonical\" href=\"https:\/\/wheelstandpro.com\/pl\/produkt\/stojak-dla-kierownic-thrustmaster-t300rs-tx-t150-tmx-deluxe-v2\/\" \/>\n<meta property=\"og:locale\" content=\"pl_PL\" \/>\n<meta property=\"og:type\" content=\"article\" \/>\n<meta property=\"og:title\" content=\"Stojak dla kierownic Thrustmaster T300RS\/TX\/T150\/TMX Deluxe V2 - WheelStandPro\" \/>\n<meta property=\"og:description\" content=\"WA\u017bNE: PROFIL MOCOWANIA DR\u0104\u017bKA ZMIANY BIEG\u00d3W MA INNY KSZTA\u0141T NI\u017b P\u0141ASKOWNIK W KSZTA\u0141CIE LITERY &quot;S&quot; DO\u0141\u0104CZANEGO WRAZ ZE STOJAKIEM DO LOGITECH G25\/G27\/G29\/G920!\" \/>\n<meta property=\"og:url\" content=\"https:\/\/wheelstandpro.com\/pl\/produkt\/stojak-dla-kierownic-thrustmaster-t300rs-tx-t150-tmx-deluxe-v2\/\" \/>\n<meta property=\"og:site_name\" content=\"WheelStandPro\" \/>\n<meta property=\"article:modified_time\" content=\"2025-07-30T14:26:13+00:00\" \/>\n<meta property=\"og:image\" content=\"https:\/\/wheelstandpro.com\/wp-content\/uploads\/2021\/08\/TX-main-strzalki-na-strone-9.2024-scaled.jpg\" \/>\n\t<meta property=\"og:image:width\" content=\"2560\" \/>\n\t<meta property=\"og:image:height\" content=\"2560\" \/>\n\t<meta property=\"og:image:type\" content=\"image\/jpeg\" \/>\n<meta name=\"twitter:card\" content=\"summary_large_image\" \/>\n<script type=\"application\/ld+json\" class=\"yoast-schema-graph\">{\"@context\":\"https:\/\/schema.org\",\"@graph\":[{\"@type\":\"WebSite\",\"@id\":\"https:\/\/wheelstandpro.com\/pl\/#website\",\"url\":\"https:\/\/wheelstandpro.com\/pl\/\",\"name\":\"WheelStandPro\",\"description\":\"\",\"potentialAction\":[{\"@type\":\"SearchAction\",\"target\":{\"@type\":\"EntryPoint\",\"urlTemplate\":\"https:\/\/wheelstandpro.com\/pl\/?s={search_term_string}\"},\"query-input\":\"required name=search_term_string\"}],\"inLanguage\":\"pl-PL\"},{\"@type\":\"ImageObject\",\"inLanguage\":\"pl-PL\",\"@id\":\"https:\/\/wheelstandpro.com\/pl\/produkt\/stojak-dla-kierownic-thrustmaster-t300rs-tx-t150-tmx-deluxe-v2\/#primaryimage\",\"url\":\"https:\/\/i0.wp.com\/wheelstandpro.com\/wp-content\/uploads\/2021\/08\/TX-main-strzalki-na-strone-9.2024-scaled.jpg?fit=2560%2C2560&ssl=1\",\"contentUrl\":\"https:\/\/i0.wp.com\/wheelstandpro.com\/wp-content\/uploads\/2021\/08\/TX-main-strzalki-na-strone-9.2024-scaled.jpg?fit=2560%2C2560&ssl=1\",\"width\":2560,\"height\":2560},{\"@type\":\"WebPage\",\"@id\":\"https:\/\/wheelstandpro.com\/pl\/produkt\/stojak-dla-kierownic-thrustmaster-t300rs-tx-t150-tmx-deluxe-v2\/#webpage\",\"url\":\"https:\/\/wheelstandpro.com\/pl\/produkt\/stojak-dla-kierownic-thrustmaster-t300rs-tx-t150-tmx-deluxe-v2\/\",\"name\":\"Stojak dla kierownic Thrustmaster T300RS\/TX\/T150\/TMX Deluxe V2 - WheelStandPro\",\"isPartOf\":{\"@id\":\"https:\/\/wheelstandpro.com\/pl\/#website\"},\"primaryImageOfPage\":{\"@id\":\"https:\/\/wheelstandpro.com\/pl\/produkt\/stojak-dla-kierownic-thrustmaster-t300rs-tx-t150-tmx-deluxe-v2\/#primaryimage\"},\"datePublished\":\"2021-12-22T22:27:27+00:00\",\"dateModified\":\"2025-07-30T14:26:13+00:00\",\"breadcrumb\":{\"@id\":\"https:\/\/wheelstandpro.com\/pl\/produkt\/stojak-dla-kierownic-thrustmaster-t300rs-tx-t150-tmx-deluxe-v2\/#breadcrumb\"},\"inLanguage\":\"pl-PL\",\"potentialAction\":[{\"@type\":\"ReadAction\",\"target\":[\"https:\/\/wheelstandpro.com\/pl\/produkt\/stojak-dla-kierownic-thrustmaster-t300rs-tx-t150-tmx-deluxe-v2\/\"]}]},{\"@type\":\"BreadcrumbList\",\"@id\":\"https:\/\/wheelstandpro.com\/pl\/produkt\/stojak-dla-kierownic-thrustmaster-t300rs-tx-t150-tmx-deluxe-v2\/#breadcrumb\",\"itemListElement\":[{\"@type\":\"ListItem\",\"position\":1,\"name\":\"Shop\",\"item\":\"https:\/\/wheelstandpro.com\/pl\/shop-2\/\"},{\"@type\":\"ListItem\",\"position\":2,\"name\":\"Stojak dla kierownic Thrustmaster T300RS\/TX\/T150\/TMX Deluxe V2\"}]}]}<\/script>\n<!-- \/ Yoast SEO plugin. -->","yoast_head_json":{"title":"Stojak dla kierownic Thrustmaster T300RS\/TX\/T150\/TMX Deluxe V2 - WheelStandPro","robots":{"index":"index","follow":"follow","max-snippet":"max-snippet:-1","max-image-preview":"max-image-preview:large","max-video-preview":"max-video-preview:-1"},"canonical":"https:\/\/wheelstandpro.com\/pl\/produkt\/stojak-dla-kierownic-thrustmaster-t300rs-tx-t150-tmx-deluxe-v2\/","og_locale":"pl_PL","og_type":"article","og_title":"Stojak dla kierownic Thrustmaster T300RS\/TX\/T150\/TMX Deluxe V2 - WheelStandPro","og_description":"WA\u017bNE: PROFIL MOCOWANIA DR\u0104\u017bKA ZMIANY BIEG\u00d3W MA INNY KSZTA\u0141T NI\u017b P\u0141ASKOWNIK W KSZTA\u0141CIE LITERY \"S\" DO\u0141\u0104CZANEGO WRAZ ZE STOJAKIEM DO LOGITECH G25\/G27\/G29\/G920!","og_url":"https:\/\/wheelstandpro.com\/pl\/produkt\/stojak-dla-kierownic-thrustmaster-t300rs-tx-t150-tmx-deluxe-v2\/","og_site_name":"WheelStandPro","article_modified_time":"2025-07-30T14:26:13+00:00","og_image":[{"width":2560,"height":2560,"url":"https:\/\/wheelstandpro.com\/wp-content\/uploads\/2021\/08\/TX-main-strzalki-na-strone-9.2024-scaled.jpg","type":"image\/jpeg"}],"twitter_card":"summary_large_image","schema":{"@context":"https:\/\/schema.org","@graph":[{"@type":"WebSite","@id":"https:\/\/wheelstandpro.com\/pl\/#website","url":"https:\/\/wheelstandpro.com\/pl\/","name":"WheelStandPro","description":"","potentialAction":[{"@type":"SearchAction","target":{"@type":"EntryPoint","urlTemplate":"https:\/\/wheelstandpro.com\/pl\/?s={search_term_string}"},"query-input":"required name=search_term_string"}],"inLanguage":"pl-PL"},{"@type":"ImageObject","inLanguage":"pl-PL","@id":"https:\/\/wheelstandpro.com\/pl\/produkt\/stojak-dla-kierownic-thrustmaster-t300rs-tx-t150-tmx-deluxe-v2\/#primaryimage","url":"https:\/\/i0.wp.com\/wheelstandpro.com\/wp-content\/uploads\/2021\/08\/TX-main-strzalki-na-strone-9.2024-scaled.jpg?fit=2560%2C2560&ssl=1","contentUrl":"https:\/\/i0.wp.com\/wheelstandpro.com\/wp-content\/uploads\/2021\/08\/TX-main-strzalki-na-strone-9.2024-scaled.jpg?fit=2560%2C2560&ssl=1","width":2560,"height":2560},{"@type":"WebPage","@id":"https:\/\/wheelstandpro.com\/pl\/produkt\/stojak-dla-kierownic-thrustmaster-t300rs-tx-t150-tmx-deluxe-v2\/#webpage","url":"https:\/\/wheelstandpro.com\/pl\/produkt\/stojak-dla-kierownic-thrustmaster-t300rs-tx-t150-tmx-deluxe-v2\/","name":"Stojak dla kierownic Thrustmaster T300RS\/TX\/T150\/TMX Deluxe V2 - WheelStandPro","isPartOf":{"@id":"https:\/\/wheelstandpro.com\/pl\/#website"},"primaryImageOfPage":{"@id":"https:\/\/wheelstandpro.com\/pl\/produkt\/stojak-dla-kierownic-thrustmaster-t300rs-tx-t150-tmx-deluxe-v2\/#primaryimage"},"datePublished":"2021-12-22T22:27:27+00:00","dateModified":"2025-07-30T14:26:13+00:00","breadcrumb":{"@id":"https:\/\/wheelstandpro.com\/pl\/produkt\/stojak-dla-kierownic-thrustmaster-t300rs-tx-t150-tmx-deluxe-v2\/#breadcrumb"},"inLanguage":"pl-PL","potentialAction":[{"@type":"ReadAction","target":["https:\/\/wheelstandpro.com\/pl\/produkt\/stojak-dla-kierownic-thrustmaster-t300rs-tx-t150-tmx-deluxe-v2\/"]}]},{"@type":"BreadcrumbList","@id":"https:\/\/wheelstandpro.com\/pl\/produkt\/stojak-dla-kierownic-thrustmaster-t300rs-tx-t150-tmx-deluxe-v2\/#breadcrumb","itemListElement":[{"@type":"ListItem","position":1,"name":"Shop","item":"https:\/\/wheelstandpro.com\/pl\/shop-2\/"},{"@type":"ListItem","position":2,"name":"Stojak dla kierownic Thrustmaster T300RS\/TX\/T150\/TMX Deluxe V2"}]}]}},"_links":{"self":[{"href":"https:\/\/wheelstandpro.com\/pl\/wp-json\/wp\/v2\/product\/2230","targetHints":{"allow":["GET"]}}],"collection":[{"href":"https:\/\/wheelstandpro.com\/pl\/wp-json\/wp\/v2\/product"}],"about":[{"href":"https:\/\/wheelstandpro.com\/pl\/wp-json\/wp\/v2\/types\/product"}],"wp:featuredmedia":[{"embeddable":true,"href":"https:\/\/wheelstandpro.com\/pl\/wp-json\/wp\/v2\/media\/7666"}],"wp:attachment":[{"href":"https:\/\/wheelstandpro.com\/pl\/wp-json\/wp\/v2\/media?parent=2230"}],"wp:term":[{"taxonomy":"product_cat","embeddable":true,"href":"https:\/\/wheelstandpro.com\/pl\/wp-json\/wp\/v2\/product_cat?post=2230"},{"taxonomy":"product_tag","embeddable":true,"href":"https:\/\/wheelstandpro.com\/pl\/wp-json\/wp\/v2\/product_tag?post=2230"}],"curies":[{"name":"wp","href":"https:\/\/api.w.org\/{rel}","templated":true}]}}